{"id":2358,"date":"2019-04-16T22:07:01","date_gmt":"2019-04-16T20:07:01","guid":{"rendered":"https:\/\/marea.netmodul.eu\/?page_id=2358"},"modified":"2022-05-01T23:42:54","modified_gmt":"2022-05-01T21:42:54","slug":"ueber-uns","status":"publish","type":"page","link":"https:\/\/pilan-konoba-marea.hr\/de\/ueber-uns\/","title":{"rendered":"\u00dcber Uns"},"content":{"rendered":"\n\t<section class=\"section\" id=\"section_1339107679\">\n\t\t<div class=\"section-bg fill\" >\n\t\t\t<img loading=\"lazy\" decoding=\"async\" width=\"1920\" height=\"1080\" src=\"https:\/\/pilan-konoba-marea.hr\/moj-content\/uploads\/2019\/03\/konoba-marea-o-nama.jpg\" class=\"bg attachment- size-\" alt=\"\" \/>\t\t\t\t\t\t\n\t\t\t\n\n\t\t<\/div>\n\n\t\t\n\n\t\t<div class=\"section-content relative\">\n\t\t\t\n<div class=\"row row-large align-equal row-divided\" style=\"max-width:600px\" id=\"row-224967415\">\n\n\t<div id=\"col-1408342131\" class=\"col small-12 large-12\"  >\n\t\t\t\t<div class=\"col-inner\" style=\"background-color:rgba(255, 255, 255, 0.8);\" >\n\t\t\t\n\t\t\t\n<p>\nKonoba Marea befindet sich im Dorf Korni\u0107 am Hauptplatz, gegen\u00fcber dem Eingang der St. James-Kirche. Korni\u0107 liegt auf einem H\u00fcgel, etwa 6 km von der Stadt Krk und 3 km von Punat entfernt, mit herrlichem Blick auf die Bucht von Punat und die Insel Ko\u0161ljun mit einem Franziskanerkloster.<\/p>\n<p>Wenn Sie von Krk nach Punat, Vrbnik oder Ba\u0161ka fahren, biegen Sie am Kreisverkehr einfach nach Korni\u0107 ab und besuchen Sie uns!<\/p>\n<p>Wir haben einen eigenen Parkplatz f\u00fcr Ihr Fahrzeug und kostenlose \u00f6ffentliche Parkpl\u00e4tze stehen im Dorfzentrum zur Verf\u00fcgung.\n<\/p>\n<p>Wir sind seit 2010 ge\u00f6ffnet und haben versucht, unsere G\u00e4ste mit guter lokaler K\u00fcche in einer komfortablen und ungezwungenen Atmosph\u00e4re zu servieren.<\/p>\n<p>Auf unserer Speisekarte finden Sie Spezialit\u00e4ten der Krker K\u00fcche, mediterrane K\u00fcche, aber auch internationale Spezialit\u00e4ten, darunter viele verschiedene Pizzasorten. Unser hilfsbereites Personal hilft Ihnen gerne bei der Auswahl aus unserem Men\u00fc.<\/p>\n<h5><strong>Wir haben von Mai bis Oktober ge\u00f6ffnet.<\/strong><\/h5>\n\t\t<\/div>\n\t\t\t\t\n<style>\n#col-1408342131 > .col-inner {\n  padding: 5px 20px 5px 20px;\n}\n@media (min-width:550px) {\n  #col-1408342131 > .col-inner {\n    padding: 5px 20px 5px 20px;\n  }\n}\n@media (min-width:850px) {\n  #col-1408342131 > .col-inner {\n    padding: 5px 20px 5px 20px;\n  }\n}\n<\/style>\n\t<\/div>\n\n\t\n<\/div>\n\t\t<\/div>\n\n\t\t\n<style>\n#section_1339107679 {\n  padding-top: 110px;\n  padding-bottom: 110px;\n}\n@media (min-width:550px) {\n  #section_1339107679 {\n    padding-top: 115px;\n    padding-bottom: 115px;\n  }\n}\n@media (min-width:850px) {\n  #section_1339107679 {\n    padding-top: 170px;\n    padding-bottom: 170px;\n  }\n}\n<\/style>\n\t<\/section>\n\t\n","protected":false},"excerpt":{"rendered":"","protected":false},"author":1,"featured_media":0,"parent":0,"menu_order":0,"comment_status":"closed","ping_status":"closed","template":"page-transparent-header.php","meta":{"footnotes":""},"class_list":["post-2358","page","type-page","status-publish","hentry"],"yoast_head":"<!-- This site is optimized with the Yoast SEO plugin v25.3.1 - https:\/\/yoast.com\/wordpress\/plugins\/seo\/ -->\n<title>\u00dcber Uns - Konoba Marea<\/title>\n<meta name=\"robots\" content=\"index, follow, max-snippet:-1, max-image-preview:large, max-video-preview:-1\" \/>\n<link rel=\"canonical\" href=\"https:\/\/pilan-konoba-marea.hr\/de\/ueber-uns\/\" \/>\n<meta property=\"og:locale\" content=\"de_DE\" \/>\n<meta property=\"og:type\" content=\"article\" \/>\n<meta property=\"og:title\" content=\"\u00dcber Uns - Konoba Marea\" \/>\n<meta property=\"og:url\" content=\"https:\/\/pilan-konoba-marea.hr\/de\/ueber-uns\/\" \/>\n<meta property=\"og:site_name\" content=\"Konoba Marea\" \/>\n<meta property=\"article:modified_time\" content=\"2022-05-01T21:42:54+00:00\" \/>\n<meta name=\"twitter:card\" content=\"summary_large_image\" \/>\n<meta name=\"twitter:label1\" content=\"Gesch\u00e4tzte Lesezeit\" \/>\n\t<meta name=\"twitter:data1\" content=\"1\u00a0Minute\" \/>\n<script type=\"application\/ld+json\" class=\"yoast-schema-graph\">{\"@context\":\"https:\/\/schema.org\",\"@graph\":[{\"@type\":\"WebPage\",\"@id\":\"https:\/\/pilan-konoba-marea.hr\/de\/ueber-uns\/\",\"url\":\"https:\/\/pilan-konoba-marea.hr\/de\/ueber-uns\/\",\"name\":\"\u00dcber Uns - Konoba Marea\",\"isPartOf\":{\"@id\":\"https:\/\/pilan-konoba-marea.hr\/de\/#website\"},\"datePublished\":\"2019-04-16T20:07:01+00:00\",\"dateModified\":\"2022-05-01T21:42:54+00:00\",\"breadcrumb\":{\"@id\":\"https:\/\/pilan-konoba-marea.hr\/de\/ueber-uns\/#breadcrumb\"},\"inLanguage\":\"de\",\"potentialAction\":[{\"@type\":\"ReadAction\",\"target\":[\"https:\/\/pilan-konoba-marea.hr\/de\/ueber-uns\/\"]}]},{\"@type\":\"BreadcrumbList\",\"@id\":\"https:\/\/pilan-konoba-marea.hr\/de\/ueber-uns\/#breadcrumb\",\"itemListElement\":[{\"@type\":\"ListItem\",\"position\":1,\"name\":\"Po\u010detna stranica\",\"item\":\"https:\/\/pilan-konoba-marea.hr\/de\/\"},{\"@type\":\"ListItem\",\"position\":2,\"name\":\"\u00dcber Uns\"}]},{\"@type\":\"WebSite\",\"@id\":\"https:\/\/pilan-konoba-marea.hr\/de\/#website\",\"url\":\"https:\/\/pilan-konoba-marea.hr\/de\/\",\"name\":\"Konoba Marea\",\"description\":\"Restaurant, Pizza, Grill\",\"publisher\":{\"@id\":\"https:\/\/pilan-konoba-marea.hr\/de\/#organization\"},\"potentialAction\":[{\"@type\":\"SearchAction\",\"target\":{\"@type\":\"EntryPoint\",\"urlTemplate\":\"https:\/\/pilan-konoba-marea.hr\/de\/?s={search_term_string}\"},\"query-input\":{\"@type\":\"PropertyValueSpecification\",\"valueRequired\":true,\"valueName\":\"search_term_string\"}}],\"inLanguage\":\"de\"},{\"@type\":\"Organization\",\"@id\":\"https:\/\/pilan-konoba-marea.hr\/de\/#organization\",\"name\":\"Konoba Marea\",\"url\":\"https:\/\/pilan-konoba-marea.hr\/de\/\",\"logo\":{\"@type\":\"ImageObject\",\"inLanguage\":\"de\",\"@id\":\"https:\/\/pilan-konoba-marea.hr\/de\/#\/schema\/logo\/image\/\",\"url\":\"https:\/\/pilan-konoba-marea.hr\/moj-content\/uploads\/2019\/03\/logo-konoba-marea-1.png\",\"contentUrl\":\"https:\/\/pilan-konoba-marea.hr\/moj-content\/uploads\/2019\/03\/logo-konoba-marea-1.png\",\"width\":436,\"height\":106,\"caption\":\"Konoba Marea\"},\"image\":{\"@id\":\"https:\/\/pilan-konoba-marea.hr\/de\/#\/schema\/logo\/image\/\"}}]}<\/script>\n<!-- \/ Yoast SEO plugin. -->","yoast_head_json":{"title":"\u00dcber Uns - Konoba Marea","robots":{"index":"index","follow":"follow","max-snippet":"max-snippet:-1","max-image-preview":"max-image-preview:large","max-video-preview":"max-video-preview:-1"},"canonical":"https:\/\/pilan-konoba-marea.hr\/de\/ueber-uns\/","og_locale":"de_DE","og_type":"article","og_title":"\u00dcber Uns - Konoba Marea","og_url":"https:\/\/pilan-konoba-marea.hr\/de\/ueber-uns\/","og_site_name":"Konoba Marea","article_modified_time":"2022-05-01T21:42:54+00:00","twitter_card":"summary_large_image","twitter_misc":{"Gesch\u00e4tzte Lesezeit":"1\u00a0Minute"},"schema":{"@context":"https:\/\/schema.org","@graph":[{"@type":"WebPage","@id":"https:\/\/pilan-konoba-marea.hr\/de\/ueber-uns\/","url":"https:\/\/pilan-konoba-marea.hr\/de\/ueber-uns\/","name":"\u00dcber Uns - Konoba Marea","isPartOf":{"@id":"https:\/\/pilan-konoba-marea.hr\/de\/#website"},"datePublished":"2019-04-16T20:07:01+00:00","dateModified":"2022-05-01T21:42:54+00:00","breadcrumb":{"@id":"https:\/\/pilan-konoba-marea.hr\/de\/ueber-uns\/#breadcrumb"},"inLanguage":"de","potentialAction":[{"@type":"ReadAction","target":["https:\/\/pilan-konoba-marea.hr\/de\/ueber-uns\/"]}]},{"@type":"BreadcrumbList","@id":"https:\/\/pilan-konoba-marea.hr\/de\/ueber-uns\/#breadcrumb","itemListElement":[{"@type":"ListItem","position":1,"name":"Po\u010detna stranica","item":"https:\/\/pilan-konoba-marea.hr\/de\/"},{"@type":"ListItem","position":2,"name":"\u00dcber Uns"}]},{"@type":"WebSite","@id":"https:\/\/pilan-konoba-marea.hr\/de\/#website","url":"https:\/\/pilan-konoba-marea.hr\/de\/","name":"Konoba Marea","description":"Restaurant, Pizza, Grill","publisher":{"@id":"https:\/\/pilan-konoba-marea.hr\/de\/#organization"},"potentialAction":[{"@type":"SearchAction","target":{"@type":"EntryPoint","urlTemplate":"https:\/\/pilan-konoba-marea.hr\/de\/?s={search_term_string}"},"query-input":{"@type":"PropertyValueSpecification","valueRequired":true,"valueName":"search_term_string"}}],"inLanguage":"de"},{"@type":"Organization","@id":"https:\/\/pilan-konoba-marea.hr\/de\/#organization","name":"Konoba Marea","url":"https:\/\/pilan-konoba-marea.hr\/de\/","logo":{"@type":"ImageObject","inLanguage":"de","@id":"https:\/\/pilan-konoba-marea.hr\/de\/#\/schema\/logo\/image\/","url":"https:\/\/pilan-konoba-marea.hr\/moj-content\/uploads\/2019\/03\/logo-konoba-marea-1.png","contentUrl":"https:\/\/pilan-konoba-marea.hr\/moj-content\/uploads\/2019\/03\/logo-konoba-marea-1.png","width":436,"height":106,"caption":"Konoba Marea"},"image":{"@id":"https:\/\/pilan-konoba-marea.hr\/de\/#\/schema\/logo\/image\/"}}]}},"jetpack_sharing_enabled":true,"jetpack_shortlink":"https:\/\/wp.me\/PaVVZC-C2","_links":{"self":[{"href":"https:\/\/pilan-konoba-marea.hr\/de\/wp-json\/wp\/v2\/pages\/2358","targetHints":{"allow":["GET"]}}],"collection":[{"href":"https:\/\/pilan-konoba-marea.hr\/de\/wp-json\/wp\/v2\/pages"}],"about":[{"href":"https:\/\/pilan-konoba-marea.hr\/de\/wp-json\/wp\/v2\/types\/page"}],"author":[{"embeddable":true,"href":"https:\/\/pilan-konoba-marea.hr\/de\/wp-json\/wp\/v2\/users\/1"}],"replies":[{"embeddable":true,"href":"https:\/\/pilan-konoba-marea.hr\/de\/wp-json\/wp\/v2\/comments?post=2358"}],"version-history":[{"count":0,"href":"https:\/\/pilan-konoba-marea.hr\/de\/wp-json\/wp\/v2\/pages\/2358\/revisions"}],"wp:attachment":[{"href":"https:\/\/pilan-konoba-marea.hr\/de\/wp-json\/wp\/v2\/media?parent=2358"}],"curies":[{"name":"wp","href":"https:\/\/api.w.org\/{rel}","templated":true}]}}