{"id":2373,"date":"2019-04-16T22:49:39","date_gmt":"2019-04-16T20:49:39","guid":{"rendered":"https:\/\/marea.netmodul.eu\/?page_id=2373"},"modified":"2024-07-16T12:29:54","modified_gmt":"2024-07-16T10:29:54","slug":"essen-zum-mitnehmen","status":"publish","type":"page","link":"https:\/\/pilan-konoba-marea.hr\/de\/essen-zum-mitnehmen\/","title":{"rendered":"Zum Mitnehmen \/ Abholen"},"content":{"rendered":"\t<div id=\"gap-1150857142\" class=\"gap-element clearfix\" style=\"display:block; height:auto;\">\n\t\t\n<style>\n#gap-1150857142 {\n  padding-top: 115px;\n}\n<\/style>\n\t<\/div>\n\t\n\n\t<section class=\"section\" id=\"section_1405818780\">\n\t\t<div class=\"section-bg fill\" >\n\t\t\t\t\t\t\t\t\t\n\t\t\t\n\n\t\t<\/div>\n\n\t\t\n\n\t\t<div class=\"section-content relative\">\n\t\t\t\n<div class=\"row row-small align-middle align-center\"  id=\"row-766214850\">\n\n\t<div id=\"col-1663186298\" class=\"col medium-6 small-12 large-6\"  >\n\t\t\t\t<div class=\"col-inner text-center\"  >\n\t\t\t\n\t\t\t\n\t<div class=\"img has-hover x md-x lg-x y md-y lg-y\" id=\"image_869646953\">\n\t\t\t\t\t\t\t\t<div class=\"img-inner dark\" >\n\t\t\t<img loading=\"lazy\" decoding=\"async\" width=\"500\" height=\"240\" src=\"https:\/\/pilan-konoba-marea.hr\/moj-content\/uploads\/2019\/04\/delivery_driver_.jpg\" class=\"attachment-original size-original\" alt=\"\" srcset=\"https:\/\/pilan-konoba-marea.hr\/moj-content\/uploads\/2019\/04\/delivery_driver_.jpg 500w, https:\/\/pilan-konoba-marea.hr\/moj-content\/uploads\/2019\/04\/delivery_driver_-150x72.jpg 150w, https:\/\/pilan-konoba-marea.hr\/moj-content\/uploads\/2019\/04\/delivery_driver_-450x216.jpg 450w\" sizes=\"auto, (max-width: 500px) 100vw, 500px\" \/>\t\t\t\t\t\t\n\t\t\t\t\t<\/div>\n\t\t\t\t\t\t\t\t\n<style>\n#image_869646953 {\n  width: 100%;\n}\n@media (min-width:850px) {\n  #image_869646953 {\n    width: 100%;\n  }\n}\n<\/style>\n\t<\/div>\n\t\n\t\t<\/div>\n\t\t\t\t\t<\/div>\n\n\t\n\n\t<div id=\"col-1705481596\" class=\"col medium-6 small-12 large-6\"  >\n\t\t\t\t<div class=\"col-inner\"  >\n\t\t\t\n\t\t\t\n<h3 class=\"uppercase\">ZUM MITNEHMEN \/ ABHOLEN<\/h3>\n<p><strong>Herzlich Willkommen im Konoba Marea!<\/strong><\/p>\n<p>Sie haben Fragen, wollen Essen zur Abholung bestellen oder einen Tisch reservieren? W\u00e4hlen Sie einfach die 0038551851148. Wir freuen uns auf Ihren Aufruf!<br \/>\nWir bieten Ihnen unsere Speisen auch zum Mitnehmen an.<br \/>\nSie k\u00f6nnen aus unserer Speisekarte nach Lust und Laune ausw\u00e4hlen.<br \/>\nSie w\u00e4hlen aus und bestellen Ihr Essen einfach unter<br \/>\n<strong>tel: 0038551851148<\/strong><br \/>\nund kurz darauf k\u00f6nnen Sie die frisch zubereiteten Gerichte bei uns im Restaurant abholen und zu Hause oder bei einer privaten Feier gem\u00fctlich genie\u00dfen.<\/p>\n<p>Nat\u00fcrlich stellen wir Ihnen gerne unser Einweggeschirr zur Verf\u00fcgung.<br \/>\nProbieren Sie unsere K\u00fcche ganz bequem zu Hause!<br \/>\nW\u00e4hlen Sie aus einer gro\u00dfen Auswahl an Speisen, Getr\u00e4nken, Weinen und Lik\u00f6ren sowie unserem speziellen Angebot f\u00fcr Kinder.<\/p>\n<p>Bei der Zubereitung und Verpackung der Speisen zum Mitnehmen achten wir besonders auf die hygienischen Bedingungen. Wir verwenden Lebensmittelbeh\u00e4lter mit hoher isothermischer Qualit\u00e4t, die das Essen warm halten.<\/p>\n<p>Wir freuen uns auf ein baldiges Wiedersehen!<\/p>\n\t\t<\/div>\n\t\t\t\t\t<\/div>\n\n\t\n<\/div>\n\t\t<\/div>\n\n\t\t\n<style>\n#section_1405818780 {\n  padding-top: 0px;\n  padding-bottom: 0px;\n}\n@media (min-width:850px) {\n  #section_1405818780 {\n    padding-top: 30px;\n    padding-bottom: 30px;\n  }\n}\n<\/style>\n\t<\/section>\n\t\n","protected":false},"excerpt":{"rendered":"","protected":false},"author":1,"featured_media":0,"parent":0,"menu_order":0,"comment_status":"closed","ping_status":"closed","template":"page-transparent-header.php","meta":{"footnotes":""},"class_list":["post-2373","page","type-page","status-publish","hentry"],"yoast_head":"<!-- This site is optimized with the Yoast SEO plugin v27.4 - https:\/\/yoast.com\/product\/yoast-seo-wordpress\/ -->\n<title>Zum Mitnehmen \/ Abholen - Konoba Marea<\/title>\n<meta name=\"robots\" content=\"index, follow, max-snippet:-1, max-image-preview:large, max-video-preview:-1\" \/>\n<link rel=\"canonical\" href=\"https:\/\/pilan-konoba-marea.hr\/de\/essen-zum-mitnehmen\/\" \/>\n<meta property=\"og:locale\" content=\"de_DE\" \/>\n<meta property=\"og:type\" content=\"article\" \/>\n<meta property=\"og:title\" content=\"Zum Mitnehmen \/ Abholen - Konoba Marea\" \/>\n<meta property=\"og:url\" content=\"https:\/\/pilan-konoba-marea.hr\/de\/essen-zum-mitnehmen\/\" \/>\n<meta property=\"og:site_name\" content=\"Konoba Marea\" \/>\n<meta property=\"article:modified_time\" content=\"2024-07-16T10:29:54+00:00\" \/>\n<meta name=\"twitter:card\" content=\"summary_large_image\" \/>\n<meta name=\"twitter:label1\" content=\"Gesch\u00e4tzte Lesezeit\" \/>\n\t<meta name=\"twitter:data1\" content=\"2\u00a0Minuten\" \/>\n<script type=\"application\/ld+json\" class=\"yoast-schema-graph\">{\"@context\":\"https:\\\/\\\/schema.org\",\"@graph\":[{\"@type\":\"WebPage\",\"@id\":\"https:\\\/\\\/pilan-konoba-marea.hr\\\/de\\\/essen-zum-mitnehmen\\\/\",\"url\":\"https:\\\/\\\/pilan-konoba-marea.hr\\\/de\\\/essen-zum-mitnehmen\\\/\",\"name\":\"Zum Mitnehmen \\\/ Abholen - Konoba Marea\",\"isPartOf\":{\"@id\":\"https:\\\/\\\/pilan-konoba-marea.hr\\\/de\\\/#website\"},\"datePublished\":\"2019-04-16T20:49:39+00:00\",\"dateModified\":\"2024-07-16T10:29:54+00:00\",\"breadcrumb\":{\"@id\":\"https:\\\/\\\/pilan-konoba-marea.hr\\\/de\\\/essen-zum-mitnehmen\\\/#breadcrumb\"},\"inLanguage\":\"de\",\"potentialAction\":[{\"@type\":\"ReadAction\",\"target\":[\"https:\\\/\\\/pilan-konoba-marea.hr\\\/de\\\/essen-zum-mitnehmen\\\/\"]}]},{\"@type\":\"BreadcrumbList\",\"@id\":\"https:\\\/\\\/pilan-konoba-marea.hr\\\/de\\\/essen-zum-mitnehmen\\\/#breadcrumb\",\"itemListElement\":[{\"@type\":\"ListItem\",\"position\":1,\"name\":\"Po\u010detna stranica\",\"item\":\"https:\\\/\\\/pilan-konoba-marea.hr\\\/de\\\/\"},{\"@type\":\"ListItem\",\"position\":2,\"name\":\"Zum Mitnehmen \\\/ Abholen\"}]},{\"@type\":\"WebSite\",\"@id\":\"https:\\\/\\\/pilan-konoba-marea.hr\\\/de\\\/#website\",\"url\":\"https:\\\/\\\/pilan-konoba-marea.hr\\\/de\\\/\",\"name\":\"Konoba Marea\",\"description\":\"Restaurant, Pizza, Grill\",\"publisher\":{\"@id\":\"https:\\\/\\\/pilan-konoba-marea.hr\\\/de\\\/#organization\"},\"potentialAction\":[{\"@type\":\"SearchAction\",\"target\":{\"@type\":\"EntryPoint\",\"urlTemplate\":\"https:\\\/\\\/pilan-konoba-marea.hr\\\/de\\\/?s={search_term_string}\"},\"query-input\":{\"@type\":\"PropertyValueSpecification\",\"valueRequired\":true,\"valueName\":\"search_term_string\"}}],\"inLanguage\":\"de\"},{\"@type\":\"Organization\",\"@id\":\"https:\\\/\\\/pilan-konoba-marea.hr\\\/de\\\/#organization\",\"name\":\"Konoba Marea\",\"url\":\"https:\\\/\\\/pilan-konoba-marea.hr\\\/de\\\/\",\"logo\":{\"@type\":\"ImageObject\",\"inLanguage\":\"de\",\"@id\":\"https:\\\/\\\/pilan-konoba-marea.hr\\\/de\\\/#\\\/schema\\\/logo\\\/image\\\/\",\"url\":\"https:\\\/\\\/pilan-konoba-marea.hr\\\/wp-content\\\/uploads\\\/2019\\\/03\\\/logo-konoba-marea-1.png\",\"contentUrl\":\"https:\\\/\\\/pilan-konoba-marea.hr\\\/wp-content\\\/uploads\\\/2019\\\/03\\\/logo-konoba-marea-1.png\",\"width\":436,\"height\":106,\"caption\":\"Konoba Marea\"},\"image\":{\"@id\":\"https:\\\/\\\/pilan-konoba-marea.hr\\\/de\\\/#\\\/schema\\\/logo\\\/image\\\/\"}}]}<\/script>\n<!-- \/ Yoast SEO plugin. -->","yoast_head_json":{"title":"Zum Mitnehmen \/ Abholen - Konoba Marea","robots":{"index":"index","follow":"follow","max-snippet":"max-snippet:-1","max-image-preview":"max-image-preview:large","max-video-preview":"max-video-preview:-1"},"canonical":"https:\/\/pilan-konoba-marea.hr\/de\/essen-zum-mitnehmen\/","og_locale":"de_DE","og_type":"article","og_title":"Zum Mitnehmen \/ Abholen - Konoba Marea","og_url":"https:\/\/pilan-konoba-marea.hr\/de\/essen-zum-mitnehmen\/","og_site_name":"Konoba Marea","article_modified_time":"2024-07-16T10:29:54+00:00","twitter_card":"summary_large_image","twitter_misc":{"Gesch\u00e4tzte Lesezeit":"2\u00a0Minuten"},"schema":{"@context":"https:\/\/schema.org","@graph":[{"@type":"WebPage","@id":"https:\/\/pilan-konoba-marea.hr\/de\/essen-zum-mitnehmen\/","url":"https:\/\/pilan-konoba-marea.hr\/de\/essen-zum-mitnehmen\/","name":"Zum Mitnehmen \/ Abholen - Konoba Marea","isPartOf":{"@id":"https:\/\/pilan-konoba-marea.hr\/de\/#website"},"datePublished":"2019-04-16T20:49:39+00:00","dateModified":"2024-07-16T10:29:54+00:00","breadcrumb":{"@id":"https:\/\/pilan-konoba-marea.hr\/de\/essen-zum-mitnehmen\/#breadcrumb"},"inLanguage":"de","potentialAction":[{"@type":"ReadAction","target":["https:\/\/pilan-konoba-marea.hr\/de\/essen-zum-mitnehmen\/"]}]},{"@type":"BreadcrumbList","@id":"https:\/\/pilan-konoba-marea.hr\/de\/essen-zum-mitnehmen\/#breadcrumb","itemListElement":[{"@type":"ListItem","position":1,"name":"Po\u010detna stranica","item":"https:\/\/pilan-konoba-marea.hr\/de\/"},{"@type":"ListItem","position":2,"name":"Zum Mitnehmen \/ Abholen"}]},{"@type":"WebSite","@id":"https:\/\/pilan-konoba-marea.hr\/de\/#website","url":"https:\/\/pilan-konoba-marea.hr\/de\/","name":"Konoba Marea","description":"Restaurant, Pizza, Grill","publisher":{"@id":"https:\/\/pilan-konoba-marea.hr\/de\/#organization"},"potentialAction":[{"@type":"SearchAction","target":{"@type":"EntryPoint","urlTemplate":"https:\/\/pilan-konoba-marea.hr\/de\/?s={search_term_string}"},"query-input":{"@type":"PropertyValueSpecification","valueRequired":true,"valueName":"search_term_string"}}],"inLanguage":"de"},{"@type":"Organization","@id":"https:\/\/pilan-konoba-marea.hr\/de\/#organization","name":"Konoba Marea","url":"https:\/\/pilan-konoba-marea.hr\/de\/","logo":{"@type":"ImageObject","inLanguage":"de","@id":"https:\/\/pilan-konoba-marea.hr\/de\/#\/schema\/logo\/image\/","url":"https:\/\/pilan-konoba-marea.hr\/moj-content\/uploads\/2019\/03\/logo-konoba-marea-1.png","contentUrl":"https:\/\/pilan-konoba-marea.hr\/moj-content\/uploads\/2019\/03\/logo-konoba-marea-1.png","width":436,"height":106,"caption":"Konoba Marea"},"image":{"@id":"https:\/\/pilan-konoba-marea.hr\/de\/#\/schema\/logo\/image\/"}}]}},"jetpack_sharing_enabled":true,"jetpack_shortlink":"https:\/\/wp.me\/PaVVZC-Ch","_links":{"self":[{"href":"https:\/\/pilan-konoba-marea.hr\/de\/wp-json\/wp\/v2\/pages\/2373","targetHints":{"allow":["GET"]}}],"collection":[{"href":"https:\/\/pilan-konoba-marea.hr\/de\/wp-json\/wp\/v2\/pages"}],"about":[{"href":"https:\/\/pilan-konoba-marea.hr\/de\/wp-json\/wp\/v2\/types\/page"}],"author":[{"embeddable":true,"href":"https:\/\/pilan-konoba-marea.hr\/de\/wp-json\/wp\/v2\/users\/1"}],"replies":[{"embeddable":true,"href":"https:\/\/pilan-konoba-marea.hr\/de\/wp-json\/wp\/v2\/comments?post=2373"}],"version-history":[{"count":2,"href":"https:\/\/pilan-konoba-marea.hr\/de\/wp-json\/wp\/v2\/pages\/2373\/revisions"}],"predecessor-version":[{"id":2890,"href":"https:\/\/pilan-konoba-marea.hr\/de\/wp-json\/wp\/v2\/pages\/2373\/revisions\/2890"}],"wp:attachment":[{"href":"https:\/\/pilan-konoba-marea.hr\/de\/wp-json\/wp\/v2\/media?parent=2373"}],"curies":[{"name":"wp","href":"https:\/\/api.w.org\/{rel}","templated":true}]}}