{"id":2380,"date":"2019-04-17T22:59:03","date_gmt":"2019-04-17T20:59:03","guid":{"rendered":"https:\/\/marea.netmodul.eu\/?page_id=2380"},"modified":"2025-09-02T18:44:29","modified_gmt":"2025-09-02T16:44:29","slug":"menu","status":"publish","type":"page","link":"https:\/\/pilan-konoba-marea.hr\/de\/menu\/","title":{"rendered":"Menu"},"content":{"rendered":"\n\t<section class=\"section\" id=\"section_1901063400\">\n\t\t<div class=\"section-bg fill\" >\n\t\t\t\t\t\t\t\t\t\n\t\t\t\n\n\t\t<\/div>\n\n\t\t\n\n\t\t<div class=\"section-content relative\">\n\t\t\t\n\n  <div class=\"banner has-hover\" id=\"banner-905393013\">\n          <div class=\"banner-inner fill\">\n        <div class=\"banner-bg fill\" >\n            <img loading=\"lazy\" decoding=\"async\" width=\"1020\" height=\"574\" src=\"https:\/\/pilan-konoba-marea.hr\/moj-content\/uploads\/2019\/03\/steak-1024x576.jpg\" class=\"bg attachment-large size-large\" alt=\"\" \/>                                    \n                    <\/div>\n\t\t\n        <div class=\"banner-layers container\">\n            <div class=\"fill banner-link\"><\/div>            \n   <div id=\"text-box-1022213506\" class=\"text-box banner-layer x50 md-x50 lg-x50 y100 md-y100 lg-y100 res-text\">\n                                <div class=\"text-box-content text dark\">\n              \n              <div class=\"text-inner text-center\">\n                  \n<h3 class=\"uppercase\"><strong>MEN\u00dc<\/strong><\/h3>\n              <\/div>\n           <\/div>\n                            \n<style>\n#text-box-1022213506 .text-box-content {\n  background-color: rgba(0, 0, 0, 0.3);\n  font-size: 100%;\n}\n#text-box-1022213506 {\n  width: 20%;\n}\n<\/style>\n    <\/div>\n \n        <\/div>\n      <\/div>\n\n            \n<style>\n#banner-905393013 {\n  padding-top: 300px;\n}\n#banner-905393013 .banner-bg img {\n  object-position: 50% 0%;\n}\n@media (min-width:550px) {\n  #banner-905393013 {\n    padding-top: 400px;\n  }\n}\n@media (min-width:850px) {\n  #banner-905393013 {\n    padding-top: 450px;\n  }\n}\n<\/style>\n  <\/div>\n\n\n\t\t<\/div>\n\n\t\t\n<style>\n#section_1901063400 {\n  padding-top: 0px;\n  padding-bottom: 0px;\n}\n<\/style>\n\t<\/section>\n\t\n\n\t<section class=\"section\" id=\"section_223042404\">\n\t\t<div class=\"section-bg fill\" >\n\t\t\t<img loading=\"lazy\" decoding=\"async\" width=\"1620\" height=\"1080\" src=\"https:\/\/pilan-konoba-marea.hr\/moj-content\/uploads\/2019\/03\/hero5.jpg\" class=\"bg attachment-original size-original\" alt=\"\" \/>\t\t\t\t\t\t<div class=\"section-bg-overlay absolute fill\"><\/div>\n\t\t\t\n\n\t\t<\/div>\n\n\t\t\n\n\t\t<div class=\"section-content relative\">\n\t\t\t\n<div class=\"row\"  id=\"row-781782058\">\n\n\t<div id=\"col-980846128\" class=\"col small-12 large-12\"  >\n\t\t\t\t<div class=\"col-inner\"  >\n\t\t\t\n\t\t\t\n<p><strong>Hauptmen\u00fc<\/strong><\/p>\n<p>Der Geruch von frisch gebackenem Brot aus dem Pizzaofen, unsere Spezialit\u00e4ten vom Lava-Grill, hausgemachte Pasta (\u0161urlice), Fisch aus der Adria und heimisches Lammfleisch machen Ihren Besuch in Konoba Marea unvergesslich.<\/p>\n<p>Beachten Sie die Auswahl an hochwertigen und frischen Zutaten in unseren Gerichten.<\/p>\n<p>Wir legen gr\u00f6\u00dften Wert darauf, dass bei einem Besuch in Konoba Marea alle angemessenen Ern\u00e4hrungsbed\u00fcrfnisse ber\u00fccksichtigt werden. Aufgrund der Art unseres Angebots k\u00f6nnen wir jedoch nicht garantieren, dass ein Artikel zu 100% allergenfrei ist. Bitte informieren Sie uns im Voraus, wenn Sie spezielle Ern\u00e4hrungsbed\u00fcrfnisse haben. Unten sehen Sie eine vollst\u00e4ndige Auswahl unserer Gerichte.<\/p>\n\t\t<\/div>\n\t\t\t\t\t<\/div>\n\n\t\n<\/div>\n<div class=\"row\"  id=\"row-1877217125\">\n\n\t<div id=\"col-1019104838\" class=\"col medium-4 small-12 large-4\"  >\n\t\t\t\t<div class=\"col-inner\"  >\n\t\t\t\n\t\t\t\n\t<div class=\"box has-hover   has-hover box-shadow-1 box-shadow-3-hover box-overlay dark box-text-bottom\" >\n\n\t\t<div class=\"box-image\" >\n\t\t\t<a href=\"\/de\/menu\/konobe-marea-menu\/\" >\t\t\t<div class=\"\" >\n\t\t\t\t<img loading=\"lazy\" decoding=\"async\" width=\"360\" height=\"240\" src=\"https:\/\/pilan-konoba-marea.hr\/moj-content\/uploads\/2019\/03\/konoba-marea-predjela.jpg\" class=\"attachment-original size-original\" alt=\"\" srcset=\"https:\/\/pilan-konoba-marea.hr\/moj-content\/uploads\/2019\/03\/konoba-marea-predjela.jpg 360w, https:\/\/pilan-konoba-marea.hr\/moj-content\/uploads\/2019\/03\/konoba-marea-predjela-150x100.jpg 150w\" sizes=\"auto, (max-width: 360px) 100vw, 360px\" \/>\t\t\t\t<div class=\"overlay\" style=\"background-color:1\"><\/div>\t\t\t\t\t\t\t<\/div>\n\t\t\t<\/a>\t\t<\/div>\n\n\t\t<div class=\"box-text show-on-hover hover-bounce text-center is-small\" style=\"background-color:rgba(0, 0, 0, 0.3);padding:5px 5px 5px 5px;\">\n\t\t\t<div class=\"box-text-inner\">\n\t\t\t\t\n<h3>KALTE VORSPEISEN<\/h3>\n\t\t\t<\/div>\n\t\t<\/div>\n\t<\/div>\n\t\n\t\t<\/div>\n\t\t\t\t\t<\/div>\n\n\t\n\n\t<div id=\"col-1378053844\" class=\"col medium-4 small-12 large-4\"  >\n\t\t\t\t<div class=\"col-inner\"  >\n\t\t\t\n\t\t\t\n\t<div class=\"box has-hover   has-hover box-shadow-1 box-shadow-3-hover box-overlay dark box-text-bottom\" >\n\n\t\t<div class=\"box-image\" >\n\t\t\t<a href=\"\/de\/menu\/konobe-marea-menu\/\" >\t\t\t<div class=\"\" >\n\t\t\t\t<img loading=\"lazy\" decoding=\"async\" width=\"360\" height=\"240\" src=\"https:\/\/pilan-konoba-marea.hr\/moj-content\/uploads\/2019\/03\/konoba-marea-salate.jpg\" class=\"attachment-original size-original\" alt=\"\" srcset=\"https:\/\/pilan-konoba-marea.hr\/moj-content\/uploads\/2019\/03\/konoba-marea-salate.jpg 360w, https:\/\/pilan-konoba-marea.hr\/moj-content\/uploads\/2019\/03\/konoba-marea-salate-150x100.jpg 150w\" sizes=\"auto, (max-width: 360px) 100vw, 360px\" \/>\t\t\t\t<div class=\"overlay\" style=\"background-color:1\"><\/div>\t\t\t\t\t\t\t<\/div>\n\t\t\t<\/a>\t\t<\/div>\n\n\t\t<div class=\"box-text show-on-hover hover-bounce text-center is-small\" style=\"background-color:rgba(0, 0, 0, 0.3);padding:5px 5px 5px 5px;\">\n\t\t\t<div class=\"box-text-inner\">\n\t\t\t\t\n<h3>SALATE<\/h3>\n\t\t\t<\/div>\n\t\t<\/div>\n\t<\/div>\n\t\n\t\t<\/div>\n\t\t\t\t\t<\/div>\n\n\t\n\n\t<div id=\"col-419164800\" class=\"col medium-4 small-12 large-4\"  >\n\t\t\t\t<div class=\"col-inner\"  >\n\t\t\t\n\t\t\t\n\t<div class=\"box has-hover   has-hover box-shadow-1 box-shadow-3-hover box-overlay dark box-text-bottom\" >\n\n\t\t<div class=\"box-image\" >\n\t\t\t<a href=\"\/de\/menu\/konobe-marea-menu\/\" >\t\t\t<div class=\"\" >\n\t\t\t\t<img loading=\"lazy\" decoding=\"async\" width=\"360\" height=\"240\" src=\"https:\/\/pilan-konoba-marea.hr\/moj-content\/uploads\/2019\/03\/konoba-marea-tjestenine.jpg\" class=\"attachment-original size-original\" alt=\"\" srcset=\"https:\/\/pilan-konoba-marea.hr\/moj-content\/uploads\/2019\/03\/konoba-marea-tjestenine.jpg 360w, https:\/\/pilan-konoba-marea.hr\/moj-content\/uploads\/2019\/03\/konoba-marea-tjestenine-150x100.jpg 150w\" sizes=\"auto, (max-width: 360px) 100vw, 360px\" \/>\t\t\t\t<div class=\"overlay\" style=\"background-color:1\"><\/div>\t\t\t\t\t\t\t<\/div>\n\t\t\t<\/a>\t\t<\/div>\n\n\t\t<div class=\"box-text show-on-hover hover-bounce text-center is-small\" style=\"background-color:rgba(0, 0, 0, 0.3);padding:5px 5px 5px 5px;\">\n\t\t\t<div class=\"box-text-inner\">\n\t\t\t\t\n<h3>NUDELN<\/h3>\n\t\t\t<\/div>\n\t\t<\/div>\n\t<\/div>\n\t\n\t\t<\/div>\n\t\t\t\t\t<\/div>\n\n\t\n\n\t<div id=\"col-914500004\" class=\"col medium-4 small-12 large-4\"  >\n\t\t\t\t<div class=\"col-inner\"  >\n\t\t\t\n\t\t\t\n\t<div class=\"box has-hover   has-hover box-shadow-1 box-shadow-3-hover box-overlay dark box-text-bottom\" >\n\n\t\t<div class=\"box-image\" >\n\t\t\t<a href=\"\/de\/menu\/konobe-marea-menu\/\" >\t\t\t<div class=\"\" >\n\t\t\t\t<img loading=\"lazy\" decoding=\"async\" width=\"360\" height=\"240\" src=\"https:\/\/pilan-konoba-marea.hr\/moj-content\/uploads\/2019\/03\/konoba-marea-juhe.jpg\" class=\"attachment-original size-original\" alt=\"\" srcset=\"https:\/\/pilan-konoba-marea.hr\/moj-content\/uploads\/2019\/03\/konoba-marea-juhe.jpg 360w, https:\/\/pilan-konoba-marea.hr\/moj-content\/uploads\/2019\/03\/konoba-marea-juhe-150x100.jpg 150w\" sizes=\"auto, (max-width: 360px) 100vw, 360px\" \/>\t\t\t\t<div class=\"overlay\" style=\"background-color:1\"><\/div>\t\t\t\t\t\t\t<\/div>\n\t\t\t<\/a>\t\t<\/div>\n\n\t\t<div class=\"box-text show-on-hover hover-bounce text-center is-small\" style=\"background-color:rgba(0, 0, 0, 0.3);padding:5px 5px 5px 5px;\">\n\t\t\t<div class=\"box-text-inner\">\n\t\t\t\t\n<h3>SUPPEN<\/h3>\n\t\t\t<\/div>\n\t\t<\/div>\n\t<\/div>\n\t\n\t\t<\/div>\n\t\t\t\t\t<\/div>\n\n\t\n\n\t<div id=\"col-1799870728\" class=\"col medium-4 small-12 large-4\"  >\n\t\t\t\t<div class=\"col-inner\"  >\n\t\t\t\n\t\t\t\n\t<div class=\"box has-hover   has-hover box-shadow-1 box-shadow-3-hover box-overlay dark box-text-bottom\" >\n\n\t\t<div class=\"box-image\" >\n\t\t\t<a href=\"\/de\/menu\/konobe-marea-menu\/\" >\t\t\t<div class=\"\" >\n\t\t\t\t<img loading=\"lazy\" decoding=\"async\" width=\"360\" height=\"240\" src=\"https:\/\/pilan-konoba-marea.hr\/moj-content\/uploads\/2019\/03\/jela-za-djecu.jpg\" class=\"attachment-original size-original\" alt=\"\" srcset=\"https:\/\/pilan-konoba-marea.hr\/moj-content\/uploads\/2019\/03\/jela-za-djecu.jpg 360w, https:\/\/pilan-konoba-marea.hr\/moj-content\/uploads\/2019\/03\/jela-za-djecu-150x100.jpg 150w\" sizes=\"auto, (max-width: 360px) 100vw, 360px\" \/>\t\t\t\t<div class=\"overlay\" style=\"background-color:1\"><\/div>\t\t\t\t\t\t\t<\/div>\n\t\t\t<\/a>\t\t<\/div>\n\n\t\t<div class=\"box-text show-on-hover hover-bounce text-center is-small\" style=\"background-color:rgba(0, 0, 0, 0.3);padding:5px 5px 5px 5px;\">\n\t\t\t<div class=\"box-text-inner\">\n\t\t\t\t\n<h3>UM UNSERE KLEINEN<br \/>\nG\u00c4STE<\/h3>\n\t\t\t<\/div>\n\t\t<\/div>\n\t<\/div>\n\t\n\t\t<\/div>\n\t\t\t\t\t<\/div>\n\n\t\n\n\t<div id=\"col-163000647\" class=\"col medium-4 small-12 large-4\"  >\n\t\t\t\t<div class=\"col-inner\"  >\n\t\t\t\n\t\t\t\n\t<div class=\"box has-hover   has-hover box-shadow-1 box-shadow-3-hover box-overlay dark box-text-bottom\" >\n\n\t\t<div class=\"box-image\" >\n\t\t\t<a href=\"\/de\/menu\/konobe-marea-menu\/\" >\t\t\t<div class=\"\" >\n\t\t\t\t<img loading=\"lazy\" decoding=\"async\" width=\"360\" height=\"240\" src=\"https:\/\/pilan-konoba-marea.hr\/moj-content\/uploads\/2019\/03\/konoba-marea-riba.jpg\" class=\"attachment-original size-original\" alt=\"\" srcset=\"https:\/\/pilan-konoba-marea.hr\/moj-content\/uploads\/2019\/03\/konoba-marea-riba.jpg 360w, https:\/\/pilan-konoba-marea.hr\/moj-content\/uploads\/2019\/03\/konoba-marea-riba-150x100.jpg 150w\" sizes=\"auto, (max-width: 360px) 100vw, 360px\" \/>\t\t\t\t<div class=\"overlay\" style=\"background-color:1\"><\/div>\t\t\t\t\t\t\t<\/div>\n\t\t\t<\/a>\t\t<\/div>\n\n\t\t<div class=\"box-text show-on-hover hover-bounce text-center is-small\" style=\"background-color:rgba(0, 0, 0, 0.3);padding:5px 5px 5px 5px;\">\n\t\t\t<div class=\"box-text-inner\">\n\t\t\t\t\n<h3>FISCHE UND MEERESFR\u00dcCHTE<\/h3>\n\t\t\t<\/div>\n\t\t<\/div>\n\t<\/div>\n\t\n\t\t<\/div>\n\t\t\t\t\t<\/div>\n\n\t\n\n\t<div id=\"col-486725560\" class=\"col medium-4 small-12 large-4\"  >\n\t\t\t\t<div class=\"col-inner\"  >\n\t\t\t\n\t\t\t\n\t<div class=\"box has-hover   has-hover box-shadow-1 box-shadow-3-hover box-overlay dark box-text-bottom\" >\n\n\t\t<div class=\"box-image\" >\n\t\t\t<a href=\"\/de\/menu\/konobe-marea-menu\/\" >\t\t\t<div class=\"\" >\n\t\t\t\t<img loading=\"lazy\" decoding=\"async\" width=\"360\" height=\"240\" src=\"https:\/\/pilan-konoba-marea.hr\/moj-content\/uploads\/2019\/03\/konoba-marea-meso.jpg\" class=\"attachment-original size-original\" alt=\"\" srcset=\"https:\/\/pilan-konoba-marea.hr\/moj-content\/uploads\/2019\/03\/konoba-marea-meso.jpg 360w, https:\/\/pilan-konoba-marea.hr\/moj-content\/uploads\/2019\/03\/konoba-marea-meso-150x100.jpg 150w\" sizes=\"auto, (max-width: 360px) 100vw, 360px\" \/>\t\t\t\t<div class=\"overlay\" style=\"background-color:1\"><\/div>\t\t\t\t\t\t\t<\/div>\n\t\t\t<\/a>\t\t<\/div>\n\n\t\t<div class=\"box-text show-on-hover hover-bounce text-center is-small\" style=\"background-color:rgba(0, 0, 0, 0.3);padding:5px 5px 5px 5px;\">\n\t\t\t<div class=\"box-text-inner\">\n\t\t\t\t\n<h3>FLEISCHGERICHTE<\/h3>\n\t\t\t<\/div>\n\t\t<\/div>\n\t<\/div>\n\t\n\t\t<\/div>\n\t\t\t\t\t<\/div>\n\n\t\n\n\t<div id=\"col-2023646584\" class=\"col medium-4 small-12 large-4\"  >\n\t\t\t\t<div class=\"col-inner\"  >\n\t\t\t\n\t\t\t\n\t<div class=\"box has-hover   has-hover box-shadow-1 box-shadow-3-hover box-overlay dark box-text-bottom\" >\n\n\t\t<div class=\"box-image\" >\n\t\t\t<a href=\"\/de\/menu\/konobe-marea-menu\/\" >\t\t\t<div class=\"\" >\n\t\t\t\t<img loading=\"lazy\" decoding=\"async\" width=\"360\" height=\"240\" src=\"https:\/\/pilan-konoba-marea.hr\/moj-content\/uploads\/2019\/03\/konoba-marea-prilozi.jpg\" class=\"attachment-original size-original\" alt=\"\" srcset=\"https:\/\/pilan-konoba-marea.hr\/moj-content\/uploads\/2019\/03\/konoba-marea-prilozi.jpg 360w, https:\/\/pilan-konoba-marea.hr\/moj-content\/uploads\/2019\/03\/konoba-marea-prilozi-150x100.jpg 150w\" sizes=\"auto, (max-width: 360px) 100vw, 360px\" \/>\t\t\t\t<div class=\"overlay\" style=\"background-color:1\"><\/div>\t\t\t\t\t\t\t<\/div>\n\t\t\t<\/a>\t\t<\/div>\n\n\t\t<div class=\"box-text show-on-hover hover-bounce text-center is-small\" style=\"background-color:rgba(0, 0, 0, 0.3);padding:5px 5px 5px 5px;\">\n\t\t\t<div class=\"box-text-inner\">\n\t\t\t\t\n<h3>BEILAGEN<\/h3>\n\t\t\t<\/div>\n\t\t<\/div>\n\t<\/div>\n\t\n\t\t<\/div>\n\t\t\t\t\t<\/div>\n\n\t\n\n\t<div id=\"col-1991353367\" class=\"col medium-4 small-12 large-4\"  >\n\t\t\t\t<div class=\"col-inner\"  >\n\t\t\t\n\t\t\t\n\t<div class=\"box has-hover   has-hover box-shadow-1 box-shadow-3-hover box-overlay dark box-text-bottom\" >\n\n\t\t<div class=\"box-image\" >\n\t\t\t<a href=\"\/de\/menu\/konobe-marea-menu\/\" >\t\t\t<div class=\"\" >\n\t\t\t\t<img loading=\"lazy\" decoding=\"async\" width=\"360\" height=\"240\" src=\"https:\/\/pilan-konoba-marea.hr\/moj-content\/uploads\/2019\/03\/konoba-marea-deserti.jpg\" class=\"attachment-original size-original\" alt=\"\" srcset=\"https:\/\/pilan-konoba-marea.hr\/moj-content\/uploads\/2019\/03\/konoba-marea-deserti.jpg 360w, https:\/\/pilan-konoba-marea.hr\/moj-content\/uploads\/2019\/03\/konoba-marea-deserti-150x100.jpg 150w\" sizes=\"auto, (max-width: 360px) 100vw, 360px\" \/>\t\t\t\t<div class=\"overlay\" style=\"background-color:1\"><\/div>\t\t\t\t\t\t\t<\/div>\n\t\t\t<\/a>\t\t<\/div>\n\n\t\t<div class=\"box-text show-on-hover hover-bounce text-center is-small\" style=\"background-color:rgba(0, 0, 0, 0.3);padding:5px 5px 5px 5px;\">\n\t\t\t<div class=\"box-text-inner\">\n\t\t\t\t\n<h3>DESSERTE UND S\u00dc\u00dfES<\/h3>\n\t\t\t<\/div>\n\t\t<\/div>\n\t<\/div>\n\t\n\t\t<\/div>\n\t\t\t\t\t<\/div>\n\n\t\n<\/div>\n<div class=\"text-center\"><div class=\"is-divider divider clearfix\" style=\"margin-top:0.6em;margin-bottom:0.6em;max-width:68%;height:1px;background-color:rgb(128, 128, 128);\"><\/div><\/div>\n\n\t\t<\/div>\n\n\t\t\n<style>\n#section_223042404 {\n  padding-top: 15px;\n  padding-bottom: 15px;\n}\n#section_223042404 .section-bg-overlay {\n  background-color: rgba(251, 251, 251, 0.88);\n}\n#section_223042404 .section-bg img {\n  object-position: 45% 49%;\n}\n<\/style>\n\t<\/section>\n\t\n","protected":false},"excerpt":{"rendered":"","protected":false},"author":1,"featured_media":0,"parent":0,"menu_order":0,"comment_status":"closed","ping_status":"closed","template":"page-transparent-header.php","meta":{"footnotes":""},"class_list":["post-2380","page","type-page","status-publish","hentry"],"yoast_head":"<!-- This site is optimized with the Yoast SEO plugin v25.3.1 - https:\/\/yoast.com\/wordpress\/plugins\/seo\/ -->\n<title>Menu - Konoba Marea<\/title>\n<meta name=\"robots\" content=\"index, follow, max-snippet:-1, max-image-preview:large, max-video-preview:-1\" \/>\n<link rel=\"canonical\" href=\"https:\/\/pilan-konoba-marea.hr\/de\/menu\/\" \/>\n<meta property=\"og:locale\" content=\"de_DE\" \/>\n<meta property=\"og:type\" content=\"article\" \/>\n<meta property=\"og:title\" content=\"Menu - Konoba Marea\" \/>\n<meta property=\"og:url\" content=\"https:\/\/pilan-konoba-marea.hr\/de\/menu\/\" \/>\n<meta property=\"og:site_name\" content=\"Konoba Marea\" \/>\n<meta property=\"article:modified_time\" content=\"2025-09-02T16:44:29+00:00\" \/>\n<meta name=\"twitter:card\" content=\"summary_large_image\" \/>\n<meta name=\"twitter:label1\" content=\"Gesch\u00e4tzte Lesezeit\" \/>\n\t<meta name=\"twitter:data1\" content=\"3\u00a0Minuten\" \/>\n<script type=\"application\/ld+json\" class=\"yoast-schema-graph\">{\"@context\":\"https:\/\/schema.org\",\"@graph\":[{\"@type\":\"WebPage\",\"@id\":\"https:\/\/pilan-konoba-marea.hr\/de\/menu\/\",\"url\":\"https:\/\/pilan-konoba-marea.hr\/de\/menu\/\",\"name\":\"Menu - Konoba Marea\",\"isPartOf\":{\"@id\":\"https:\/\/pilan-konoba-marea.hr\/de\/#website\"},\"datePublished\":\"2019-04-17T20:59:03+00:00\",\"dateModified\":\"2025-09-02T16:44:29+00:00\",\"breadcrumb\":{\"@id\":\"https:\/\/pilan-konoba-marea.hr\/de\/menu\/#breadcrumb\"},\"inLanguage\":\"de\",\"potentialAction\":[{\"@type\":\"ReadAction\",\"target\":[\"https:\/\/pilan-konoba-marea.hr\/de\/menu\/\"]}]},{\"@type\":\"BreadcrumbList\",\"@id\":\"https:\/\/pilan-konoba-marea.hr\/de\/menu\/#breadcrumb\",\"itemListElement\":[{\"@type\":\"ListItem\",\"position\":1,\"name\":\"Po\u010detna stranica\",\"item\":\"https:\/\/pilan-konoba-marea.hr\/de\/\"},{\"@type\":\"ListItem\",\"position\":2,\"name\":\"Menu\"}]},{\"@type\":\"WebSite\",\"@id\":\"https:\/\/pilan-konoba-marea.hr\/de\/#website\",\"url\":\"https:\/\/pilan-konoba-marea.hr\/de\/\",\"name\":\"Konoba Marea\",\"description\":\"Restaurant, Pizza, Grill\",\"publisher\":{\"@id\":\"https:\/\/pilan-konoba-marea.hr\/de\/#organization\"},\"potentialAction\":[{\"@type\":\"SearchAction\",\"target\":{\"@type\":\"EntryPoint\",\"urlTemplate\":\"https:\/\/pilan-konoba-marea.hr\/de\/?s={search_term_string}\"},\"query-input\":{\"@type\":\"PropertyValueSpecification\",\"valueRequired\":true,\"valueName\":\"search_term_string\"}}],\"inLanguage\":\"de\"},{\"@type\":\"Organization\",\"@id\":\"https:\/\/pilan-konoba-marea.hr\/de\/#organization\",\"name\":\"Konoba Marea\",\"url\":\"https:\/\/pilan-konoba-marea.hr\/de\/\",\"logo\":{\"@type\":\"ImageObject\",\"inLanguage\":\"de\",\"@id\":\"https:\/\/pilan-konoba-marea.hr\/de\/#\/schema\/logo\/image\/\",\"url\":\"https:\/\/pilan-konoba-marea.hr\/moj-content\/uploads\/2019\/03\/logo-konoba-marea-1.png\",\"contentUrl\":\"https:\/\/pilan-konoba-marea.hr\/moj-content\/uploads\/2019\/03\/logo-konoba-marea-1.png\",\"width\":436,\"height\":106,\"caption\":\"Konoba Marea\"},\"image\":{\"@id\":\"https:\/\/pilan-konoba-marea.hr\/de\/#\/schema\/logo\/image\/\"}}]}<\/script>\n<!-- \/ Yoast SEO plugin. -->","yoast_head_json":{"title":"Menu - Konoba Marea","robots":{"index":"index","follow":"follow","max-snippet":"max-snippet:-1","max-image-preview":"max-image-preview:large","max-video-preview":"max-video-preview:-1"},"canonical":"https:\/\/pilan-konoba-marea.hr\/de\/menu\/","og_locale":"de_DE","og_type":"article","og_title":"Menu - Konoba Marea","og_url":"https:\/\/pilan-konoba-marea.hr\/de\/menu\/","og_site_name":"Konoba Marea","article_modified_time":"2025-09-02T16:44:29+00:00","twitter_card":"summary_large_image","twitter_misc":{"Gesch\u00e4tzte Lesezeit":"3\u00a0Minuten"},"schema":{"@context":"https:\/\/schema.org","@graph":[{"@type":"WebPage","@id":"https:\/\/pilan-konoba-marea.hr\/de\/menu\/","url":"https:\/\/pilan-konoba-marea.hr\/de\/menu\/","name":"Menu - Konoba Marea","isPartOf":{"@id":"https:\/\/pilan-konoba-marea.hr\/de\/#website"},"datePublished":"2019-04-17T20:59:03+00:00","dateModified":"2025-09-02T16:44:29+00:00","breadcrumb":{"@id":"https:\/\/pilan-konoba-marea.hr\/de\/menu\/#breadcrumb"},"inLanguage":"de","potentialAction":[{"@type":"ReadAction","target":["https:\/\/pilan-konoba-marea.hr\/de\/menu\/"]}]},{"@type":"BreadcrumbList","@id":"https:\/\/pilan-konoba-marea.hr\/de\/menu\/#breadcrumb","itemListElement":[{"@type":"ListItem","position":1,"name":"Po\u010detna stranica","item":"https:\/\/pilan-konoba-marea.hr\/de\/"},{"@type":"ListItem","position":2,"name":"Menu"}]},{"@type":"WebSite","@id":"https:\/\/pilan-konoba-marea.hr\/de\/#website","url":"https:\/\/pilan-konoba-marea.hr\/de\/","name":"Konoba Marea","description":"Restaurant, Pizza, Grill","publisher":{"@id":"https:\/\/pilan-konoba-marea.hr\/de\/#organization"},"potentialAction":[{"@type":"SearchAction","target":{"@type":"EntryPoint","urlTemplate":"https:\/\/pilan-konoba-marea.hr\/de\/?s={search_term_string}"},"query-input":{"@type":"PropertyValueSpecification","valueRequired":true,"valueName":"search_term_string"}}],"inLanguage":"de"},{"@type":"Organization","@id":"https:\/\/pilan-konoba-marea.hr\/de\/#organization","name":"Konoba Marea","url":"https:\/\/pilan-konoba-marea.hr\/de\/","logo":{"@type":"ImageObject","inLanguage":"de","@id":"https:\/\/pilan-konoba-marea.hr\/de\/#\/schema\/logo\/image\/","url":"https:\/\/pilan-konoba-marea.hr\/moj-content\/uploads\/2019\/03\/logo-konoba-marea-1.png","contentUrl":"https:\/\/pilan-konoba-marea.hr\/moj-content\/uploads\/2019\/03\/logo-konoba-marea-1.png","width":436,"height":106,"caption":"Konoba Marea"},"image":{"@id":"https:\/\/pilan-konoba-marea.hr\/de\/#\/schema\/logo\/image\/"}}]}},"jetpack_sharing_enabled":true,"jetpack_shortlink":"https:\/\/wp.me\/PaVVZC-Co","_links":{"self":[{"href":"https:\/\/pilan-konoba-marea.hr\/de\/wp-json\/wp\/v2\/pages\/2380","targetHints":{"allow":["GET"]}}],"collection":[{"href":"https:\/\/pilan-konoba-marea.hr\/de\/wp-json\/wp\/v2\/pages"}],"about":[{"href":"https:\/\/pilan-konoba-marea.hr\/de\/wp-json\/wp\/v2\/types\/page"}],"author":[{"embeddable":true,"href":"https:\/\/pilan-konoba-marea.hr\/de\/wp-json\/wp\/v2\/users\/1"}],"replies":[{"embeddable":true,"href":"https:\/\/pilan-konoba-marea.hr\/de\/wp-json\/wp\/v2\/comments?post=2380"}],"version-history":[{"count":1,"href":"https:\/\/pilan-konoba-marea.hr\/de\/wp-json\/wp\/v2\/pages\/2380\/revisions"}],"predecessor-version":[{"id":2984,"href":"https:\/\/pilan-konoba-marea.hr\/de\/wp-json\/wp\/v2\/pages\/2380\/revisions\/2984"}],"wp:attachment":[{"href":"https:\/\/pilan-konoba-marea.hr\/de\/wp-json\/wp\/v2\/media?parent=2380"}],"curies":[{"name":"wp","href":"https:\/\/api.w.org\/{rel}","templated":true}]}}