{"id":2393,"date":"2019-04-18T21:56:38","date_gmt":"2019-04-18T19:56:38","guid":{"rendered":"https:\/\/marea.netmodul.eu\/?page_id=2393"},"modified":"2021-07-31T18:17:22","modified_gmt":"2021-07-31T16:17:22","slug":"kontakt","status":"publish","type":"page","link":"https:\/\/pilan-konoba-marea.hr\/de\/kontakt\/","title":{"rendered":"Kontakt"},"content":{"rendered":"\r\n\n\t<section class=\"section\" id=\"section_1672342087\">\n\t\t<div class=\"section-bg fill\" >\n\t\t\t\t\t\t\t\t\t\n\t\t\t\n\n\t\t<\/div>\n\n\t\t\n\n\t\t<div class=\"section-content relative\">\n\t\t\t \n\t<script type=\"text\/javascript\">\n  jQuery( document ).ready(function() {\n    function initialize() {\n        var styles = {\n            'flatsome':  [{\n            \"featureType\": \"administrative\",\n            \"stylers\": [\n              { \"visibility\": \"on\" }\n            ]\n          },\n          {\n            \"featureType\": \"road\",\n            \"stylers\": [\n              { \"visibility\": \"on\" },\n              { \"hue\": \"\" }\n            ]\n          },\n          {\n            \"stylers\": [\n\t\t\t  { \"visibility\": \"on\" },\n\t\t\t  { \"hue\": \"\" },\n\t\t\t  { \"saturation\": -30 }\n            ]\n          }\n        ]};\n\n        var myLatlng = new google.maps.LatLng(45.0468649, 14.6125428);\n        var myOptions = {\n            zoom: 17,\n            center: myLatlng,\n            mapTypeId: google.maps.MapTypeId.ROADMAP,\n            disableDefaultUI: true,\n            mapTypeId: 'flatsome',\n            draggable: true,\n            zoomControl: false,\n            zoomControlOptions: {\n              position: google.maps.ControlPosition.TOP_LEFT\n            },\n      \t\t\tmapTypeControl: false,\n            mapTypeControlOptions: {\n              position: google.maps.ControlPosition.TOP_LEFT\n            },\n      \t\t\tstreetViewControl: false,\n            streetViewControlOptions: {\n              position: google.maps.ControlPosition.TOP_LEFT\n            },\n            scrollwheel: false,\n            disableDoubleClickZoom: true\n        }\n        var map = new google.maps.Map(document.getElementById(\"map-276810601-inner\"), myOptions);\n        var styledMapType = new google.maps.StyledMapType(styles['flatsome'], {name: 'flatsome'});\n        map.mapTypes.set('flatsome', styledMapType);\n\n        var marker = new google.maps.Marker({\n            position: myLatlng,\n            map: map,\n            title:\"\"\n        });\n    }\n\n    \/\/ Required to proceed\n    if (!(typeof google === 'object' && typeof google.maps === 'object')) {\n      return\n    }\n\n    initialize()\n    google.maps.event.addDomListener(window, 'resize', initialize);\n    });\n    <\/script>\n\n    <div class=\"google-map relative mb hidden\" id=\"map-276810601\">\n        <div class=\"map-height\" id=\"map-276810601-inner\"><\/div>\n        <div id=\"map_overlay_top\"><\/div>\n        <div id=\"map_overlay_bottom\"><\/div>\n                  <div class=\"map_inner map-inner last-reset absolute x100 md-x95 lg-x95 y100 md-y95 lg-y95\">\n                        <\/div>\n       \n       \n<style>\n#map-276810601 .map-inner {\n  background-color: #fff;\n  max-width: 100%;\n}\n#map-276810601 .map-height {\n  height: 400px;\n}\n@media (min-width:550px) {\n  #map-276810601 .map-inner {\n    max-width: 40%;\n  }\n}\n@media (min-width:850px) {\n  #map-276810601 .map-inner {\n    max-width: 30%;\n  }\n}\n<\/style>\n    <\/div>\n\n\t\r\n<p><iframe loading=\"lazy\" style=\"border: 0;\" src=\"https:\/\/www.google.com\/maps\/embed?pb=!1m14!1m8!1m3!1d2818.892422463038!2d14.613607343130477!3d45.047404872528475!3m2!1i1024!2i768!4f13.1!3m3!1m2!1s0x0%3A0xff047ce2fccc6de0!2sKonoba+Marea!5e0!3m2!1shr!2shr!4v1553725653275\" width=\"100%\" height=\"500\" frameborder=\"0\" allowfullscreen=\"allowfullscreen\"><\/iframe><\/p>\r\n\t\t<\/div>\n\n\t\t\n<style>\n#section_1672342087 {\n  padding-top: 0px;\n  padding-bottom: 0px;\n}\n<\/style>\n\t<\/section>\n\t \n\t<section class=\"section\" id=\"section_1915713709\">\n\t\t<div class=\"section-bg fill\" >\n\t\t\t\t\t\t\t\t\t\n\t\t\t\n\n\t\t<\/div>\n\n\t\t\n\n\t\t<div class=\"section-content relative\">\n\t\t\t <div class=\"row row-small\"  id=\"row-1843083649\"> \n\t<div id=\"col-1954216477\" class=\"col medium-7 small-12 large-7\"  >\n\t\t\t\t<div class=\"col-inner\" style=\"background-color:rgb(224, 224, 224);\" >\n\t\t\t\n\t\t\t\r\n<h3>Kontaktiere uns<\/h3>\r\n\n<div class=\"wpcf7 no-js\" id=\"wpcf7-f2418-o1\" lang=\"hr\" dir=\"ltr\" data-wpcf7-id=\"2418\">\n<div class=\"screen-reader-response\"><p role=\"status\" aria-live=\"polite\" aria-atomic=\"true\"><\/p> <ul><\/ul><\/div>\n<form action=\"\/de\/wp-json\/wp\/v2\/pages\/2393#wpcf7-f2418-o1\" method=\"post\" class=\"wpcf7-form init\" aria-label=\"Kontakt obrazac\" novalidate=\"novalidate\" data-status=\"init\">\n<fieldset class=\"hidden-fields-container\"><input type=\"hidden\" name=\"_wpcf7\" value=\"2418\" \/><input type=\"hidden\" name=\"_wpcf7_version\" value=\"6.1.5\" \/><input type=\"hidden\" name=\"_wpcf7_locale\" value=\"hr\" \/><input type=\"hidden\" name=\"_wpcf7_unit_tag\" value=\"wpcf7-f2418-o1\" \/><input type=\"hidden\" name=\"_wpcf7_container_post\" value=\"0\" \/><input type=\"hidden\" name=\"_wpcf7_posted_data_hash\" value=\"\" \/><input type=\"hidden\" name=\"_wpcf7_recaptcha_response\" value=\"\" \/>\n<\/fieldset>\n<p><label> Name *<br \/>\n<span class=\"wpcf7-form-control-wrap\" data-name=\"your-name\"><input size=\"40\" maxlength=\"400\" class=\"wpcf7-form-control wpcf7-text wpcf7-validates-as-required\" aria-required=\"true\" aria-invalid=\"false\" value=\"\" type=\"text\" name=\"your-name\" \/><\/span> <\/label>\n<\/p>\n<p><label> E-Mail *<br \/>\n<span class=\"wpcf7-form-control-wrap\" data-name=\"your-email\"><input size=\"40\" maxlength=\"400\" class=\"wpcf7-form-control wpcf7-email wpcf7-validates-as-required wpcf7-text wpcf7-validates-as-email\" aria-required=\"true\" aria-invalid=\"false\" value=\"\" type=\"email\" name=\"your-email\" \/><\/span> <\/label>\n<\/p>\n<p><label> \u00dcberschrift *<br \/>\n<span class=\"wpcf7-form-control-wrap\" data-name=\"your-subject\"><input size=\"40\" maxlength=\"400\" class=\"wpcf7-form-control wpcf7-text wpcf7-validates-as-required\" aria-required=\"true\" aria-invalid=\"false\" value=\"\" type=\"text\" name=\"your-subject\" \/><\/span> <\/label>\n<\/p>\n<p><label> Ihre Massage *<br \/>\n<span class=\"wpcf7-form-control-wrap\" data-name=\"your-message\"><textarea cols=\"40\" rows=\"10\" maxlength=\"2000\" class=\"wpcf7-form-control wpcf7-textarea wpcf7-validates-as-required\" aria-required=\"true\" aria-invalid=\"false\" name=\"your-message\"><\/textarea><\/span> <\/label>\n<\/p>\n<p><input class=\"wpcf7-form-control wpcf7-submit has-spinner\" type=\"submit\" value=\"SENDEN\" \/>\n<\/p><p style=\"display: none !important;\" class=\"akismet-fields-container\" data-prefix=\"_wpcf7_ak_\"><label>&#916;<textarea name=\"_wpcf7_ak_hp_textarea\" cols=\"45\" rows=\"8\" maxlength=\"100\"><\/textarea><\/label><input type=\"hidden\" id=\"ak_js_1\" name=\"_wpcf7_ak_js\" value=\"193\"\/><script type=\"text\/javascript\">\n\/* <![CDATA[ *\/\ndocument.getElementById( \"ak_js_1\" ).setAttribute( \"value\", ( new Date() ).getTime() );\n\/* ]]> *\/\n<\/script>\n<\/p><div class=\"wpcf7-response-output\" aria-hidden=\"true\"><\/div>\n<\/form>\n<\/div>\n \t\t<\/div>\n\t\t\t\t\n<style>\n#col-1954216477 > .col-inner {\n  padding: 0px 10px 0px 10px;\n}\n<\/style>\n\t<\/div>\n\n\t \n\t<div id=\"col-1539091682\" class=\"col medium-5 small-12 large-5 small-col-first\"  >\n\t\t\t\t<div class=\"col-inner\"  >\n\t\t\t\n\t\t\t\r\n<h3>Weiter Information<\/h3>\r\n<p>Konoba Marea im Dorf Korni\u0107 bietet Gerichte der Insel, mediterrane Gerichte, Lava-Grillgerichte und die beste Pizza der Insel Krk. Zu einem erschwinglichen Preis k\u00f6nnen Sie \u0161urlice (handgemachte Pasta) mit Gulasch, Hauslammfleisch, frischem Fisch aus der Adria genie\u00dfen oder einfach nur etwas vom Grill essen.<\/p>\r\n<p><strong>Adresse:\u00a0Placa 13, Korni\u0107<\/strong><br \/>51517 Korni\u0107, Hrvatska<\/p>\r\n<p><strong>Telefon:<\/strong>\u00a0+385 (0)51 851 148<\/p>\r\n<p><strong>Arbeitszeit:<\/strong> <br \/>Montag &#8211; Sonntag<br \/>ab 12:00 &#8211; 15:00 Uhr<br \/>&amp;<br \/>ab 18:00 &#8211; 23:00 Uhr<\/p>\r\n\t\t<\/div>\n\t\t\t\t\n<style>\n#col-1539091682 > .col-inner {\n  padding: 0px 5px 0px 5px;\n}\n<\/style>\n\t<\/div>\n\n\t <\/div> \t\t<\/div>\n\n\t\t\n<style>\n#section_1915713709 {\n  padding-top: 30px;\n  padding-bottom: 30px;\n}\n<\/style>\n\t<\/section>\n\t\r\n","protected":false},"excerpt":{"rendered":"","protected":false},"author":1,"featured_media":0,"parent":0,"menu_order":0,"comment_status":"closed","ping_status":"closed","template":"page-blank.php","meta":{"footnotes":""},"class_list":["post-2393","page","type-page","status-publish","hentry"],"yoast_head":"<!-- This site is optimized with the Yoast SEO plugin v27.4 - https:\/\/yoast.com\/product\/yoast-seo-wordpress\/ -->\n<title>Kontakt - Konoba Marea<\/title>\n<meta name=\"robots\" content=\"index, follow, max-snippet:-1, max-image-preview:large, max-video-preview:-1\" \/>\n<link rel=\"canonical\" href=\"https:\/\/pilan-konoba-marea.hr\/de\/kontakt\/\" \/>\n<meta property=\"og:locale\" content=\"de_DE\" \/>\n<meta property=\"og:type\" content=\"article\" \/>\n<meta property=\"og:title\" content=\"Kontakt - Konoba Marea\" \/>\n<meta property=\"og:url\" content=\"https:\/\/pilan-konoba-marea.hr\/de\/kontakt\/\" \/>\n<meta property=\"og:site_name\" content=\"Konoba Marea\" \/>\n<meta property=\"article:modified_time\" content=\"2021-07-31T16:17:22+00:00\" \/>\n<meta name=\"twitter:card\" content=\"summary_large_image\" \/>\n<meta name=\"twitter:label1\" content=\"Gesch\u00e4tzte Lesezeit\" \/>\n\t<meta name=\"twitter:data1\" content=\"1\u00a0Minute\" \/>\n<script type=\"application\/ld+json\" class=\"yoast-schema-graph\">{\"@context\":\"https:\\\/\\\/schema.org\",\"@graph\":[{\"@type\":\"WebPage\",\"@id\":\"https:\\\/\\\/pilan-konoba-marea.hr\\\/de\\\/kontakt\\\/\",\"url\":\"https:\\\/\\\/pilan-konoba-marea.hr\\\/de\\\/kontakt\\\/\",\"name\":\"Kontakt - Konoba Marea\",\"isPartOf\":{\"@id\":\"https:\\\/\\\/pilan-konoba-marea.hr\\\/de\\\/#website\"},\"datePublished\":\"2019-04-18T19:56:38+00:00\",\"dateModified\":\"2021-07-31T16:17:22+00:00\",\"breadcrumb\":{\"@id\":\"https:\\\/\\\/pilan-konoba-marea.hr\\\/de\\\/kontakt\\\/#breadcrumb\"},\"inLanguage\":\"de\",\"potentialAction\":[{\"@type\":\"ReadAction\",\"target\":[\"https:\\\/\\\/pilan-konoba-marea.hr\\\/de\\\/kontakt\\\/\"]}]},{\"@type\":\"BreadcrumbList\",\"@id\":\"https:\\\/\\\/pilan-konoba-marea.hr\\\/de\\\/kontakt\\\/#breadcrumb\",\"itemListElement\":[{\"@type\":\"ListItem\",\"position\":1,\"name\":\"Po\u010detna stranica\",\"item\":\"https:\\\/\\\/pilan-konoba-marea.hr\\\/de\\\/\"},{\"@type\":\"ListItem\",\"position\":2,\"name\":\"Kontakt\"}]},{\"@type\":\"WebSite\",\"@id\":\"https:\\\/\\\/pilan-konoba-marea.hr\\\/de\\\/#website\",\"url\":\"https:\\\/\\\/pilan-konoba-marea.hr\\\/de\\\/\",\"name\":\"Konoba Marea\",\"description\":\"Restaurant, Pizza, Grill\",\"publisher\":{\"@id\":\"https:\\\/\\\/pilan-konoba-marea.hr\\\/de\\\/#organization\"},\"potentialAction\":[{\"@type\":\"SearchAction\",\"target\":{\"@type\":\"EntryPoint\",\"urlTemplate\":\"https:\\\/\\\/pilan-konoba-marea.hr\\\/de\\\/?s={search_term_string}\"},\"query-input\":{\"@type\":\"PropertyValueSpecification\",\"valueRequired\":true,\"valueName\":\"search_term_string\"}}],\"inLanguage\":\"de\"},{\"@type\":\"Organization\",\"@id\":\"https:\\\/\\\/pilan-konoba-marea.hr\\\/de\\\/#organization\",\"name\":\"Konoba Marea\",\"url\":\"https:\\\/\\\/pilan-konoba-marea.hr\\\/de\\\/\",\"logo\":{\"@type\":\"ImageObject\",\"inLanguage\":\"de\",\"@id\":\"https:\\\/\\\/pilan-konoba-marea.hr\\\/de\\\/#\\\/schema\\\/logo\\\/image\\\/\",\"url\":\"https:\\\/\\\/pilan-konoba-marea.hr\\\/wp-content\\\/uploads\\\/2019\\\/03\\\/logo-konoba-marea-1.png\",\"contentUrl\":\"https:\\\/\\\/pilan-konoba-marea.hr\\\/wp-content\\\/uploads\\\/2019\\\/03\\\/logo-konoba-marea-1.png\",\"width\":436,\"height\":106,\"caption\":\"Konoba Marea\"},\"image\":{\"@id\":\"https:\\\/\\\/pilan-konoba-marea.hr\\\/de\\\/#\\\/schema\\\/logo\\\/image\\\/\"}}]}<\/script>\n<!-- \/ Yoast SEO plugin. -->","yoast_head_json":{"title":"Kontakt - Konoba Marea","robots":{"index":"index","follow":"follow","max-snippet":"max-snippet:-1","max-image-preview":"max-image-preview:large","max-video-preview":"max-video-preview:-1"},"canonical":"https:\/\/pilan-konoba-marea.hr\/de\/kontakt\/","og_locale":"de_DE","og_type":"article","og_title":"Kontakt - Konoba Marea","og_url":"https:\/\/pilan-konoba-marea.hr\/de\/kontakt\/","og_site_name":"Konoba Marea","article_modified_time":"2021-07-31T16:17:22+00:00","twitter_card":"summary_large_image","twitter_misc":{"Gesch\u00e4tzte Lesezeit":"1\u00a0Minute"},"schema":{"@context":"https:\/\/schema.org","@graph":[{"@type":"WebPage","@id":"https:\/\/pilan-konoba-marea.hr\/de\/kontakt\/","url":"https:\/\/pilan-konoba-marea.hr\/de\/kontakt\/","name":"Kontakt - Konoba Marea","isPartOf":{"@id":"https:\/\/pilan-konoba-marea.hr\/de\/#website"},"datePublished":"2019-04-18T19:56:38+00:00","dateModified":"2021-07-31T16:17:22+00:00","breadcrumb":{"@id":"https:\/\/pilan-konoba-marea.hr\/de\/kontakt\/#breadcrumb"},"inLanguage":"de","potentialAction":[{"@type":"ReadAction","target":["https:\/\/pilan-konoba-marea.hr\/de\/kontakt\/"]}]},{"@type":"BreadcrumbList","@id":"https:\/\/pilan-konoba-marea.hr\/de\/kontakt\/#breadcrumb","itemListElement":[{"@type":"ListItem","position":1,"name":"Po\u010detna stranica","item":"https:\/\/pilan-konoba-marea.hr\/de\/"},{"@type":"ListItem","position":2,"name":"Kontakt"}]},{"@type":"WebSite","@id":"https:\/\/pilan-konoba-marea.hr\/de\/#website","url":"https:\/\/pilan-konoba-marea.hr\/de\/","name":"Konoba Marea","description":"Restaurant, Pizza, Grill","publisher":{"@id":"https:\/\/pilan-konoba-marea.hr\/de\/#organization"},"potentialAction":[{"@type":"SearchAction","target":{"@type":"EntryPoint","urlTemplate":"https:\/\/pilan-konoba-marea.hr\/de\/?s={search_term_string}"},"query-input":{"@type":"PropertyValueSpecification","valueRequired":true,"valueName":"search_term_string"}}],"inLanguage":"de"},{"@type":"Organization","@id":"https:\/\/pilan-konoba-marea.hr\/de\/#organization","name":"Konoba Marea","url":"https:\/\/pilan-konoba-marea.hr\/de\/","logo":{"@type":"ImageObject","inLanguage":"de","@id":"https:\/\/pilan-konoba-marea.hr\/de\/#\/schema\/logo\/image\/","url":"https:\/\/pilan-konoba-marea.hr\/moj-content\/uploads\/2019\/03\/logo-konoba-marea-1.png","contentUrl":"https:\/\/pilan-konoba-marea.hr\/moj-content\/uploads\/2019\/03\/logo-konoba-marea-1.png","width":436,"height":106,"caption":"Konoba Marea"},"image":{"@id":"https:\/\/pilan-konoba-marea.hr\/de\/#\/schema\/logo\/image\/"}}]}},"jetpack_sharing_enabled":true,"jetpack_shortlink":"https:\/\/wp.me\/PaVVZC-CB","_links":{"self":[{"href":"https:\/\/pilan-konoba-marea.hr\/de\/wp-json\/wp\/v2\/pages\/2393","targetHints":{"allow":["GET"]}}],"collection":[{"href":"https:\/\/pilan-konoba-marea.hr\/de\/wp-json\/wp\/v2\/pages"}],"about":[{"href":"https:\/\/pilan-konoba-marea.hr\/de\/wp-json\/wp\/v2\/types\/page"}],"author":[{"embeddable":true,"href":"https:\/\/pilan-konoba-marea.hr\/de\/wp-json\/wp\/v2\/users\/1"}],"replies":[{"embeddable":true,"href":"https:\/\/pilan-konoba-marea.hr\/de\/wp-json\/wp\/v2\/comments?post=2393"}],"version-history":[{"count":0,"href":"https:\/\/pilan-konoba-marea.hr\/de\/wp-json\/wp\/v2\/pages\/2393\/revisions"}],"wp:attachment":[{"href":"https:\/\/pilan-konoba-marea.hr\/de\/wp-json\/wp\/v2\/media?parent=2393"}],"curies":[{"name":"wp","href":"https:\/\/api.w.org\/{rel}","templated":true}]}}